{"id":125,"date":"2021-09-30T11:37:03","date_gmt":"2021-09-30T08:37:03","guid":{"rendered":"https:\/\/aquativ.demositeler.xyz\/?page_id=125"},"modified":"2023-05-26T14:40:55","modified_gmt":"2023-05-26T11:40:55","slug":"certificates","status":"publish","type":"page","link":"https:\/\/www.aquativ.net\/en\/certificates\/","title":{"rendered":"Certificates"},"content":{"rendered":"\t\t<div data-elementor-type=\"wp-page\" data-elementor-id=\"125\" class=\"elementor elementor-125\">\n\t\t\t\t\t\t<section class=\"elementor-section elementor-top-section elementor-element elementor-element-1305a81 elementor-section-boxed elementor-section-height-default elementor-section-height-default\" data-id=\"1305a81\" data-element_type=\"section\">\n\t\t\t\t\t\t<div class=\"elementor-container elementor-column-gap-default\">\n\t\t\t\t\t<div class=\"elementor-column elementor-col-100 elementor-top-column elementor-element elementor-element-f33a7d2\" data-id=\"f33a7d2\" data-element_type=\"column\">\n\t\t\t<div class=\"elementor-widget-wrap elementor-element-populated\">\n\t\t\t\t\t\t<div class=\"elementor-element elementor-element-0d4a5bd elementor-arrows-position-outside elementor-widget elementor-widget-image-carousel\" data-id=\"0d4a5bd\" data-element_type=\"widget\" data-settings=\"{&quot;slides_to_show&quot;:&quot;4&quot;,&quot;navigation&quot;:&quot;arrows&quot;,&quot;autoplay&quot;:&quot;yes&quot;,&quot;pause_on_hover&quot;:&quot;yes&quot;,&quot;pause_on_interaction&quot;:&quot;yes&quot;,&quot;autoplay_speed&quot;:5000,&quot;infinite&quot;:&quot;yes&quot;,&quot;speed&quot;:500,&quot;image_spacing_custom&quot;:{&quot;unit&quot;:&quot;px&quot;,&quot;size&quot;:20,&quot;sizes&quot;:[]},&quot;image_spacing_custom_tablet&quot;:{&quot;unit&quot;:&quot;px&quot;,&quot;size&quot;:&quot;&quot;,&quot;sizes&quot;:[]},&quot;image_spacing_custom_mobile&quot;:{&quot;unit&quot;:&quot;px&quot;,&quot;size&quot;:&quot;&quot;,&quot;sizes&quot;:[]}}\" data-widget_type=\"image-carousel.default\">\n\t\t\t\t<div class=\"elementor-widget-container\">\n\t\t\t\t\t\t\t<div class=\"elementor-image-carousel-wrapper swiper\" role=\"region\" aria-roledescription=\"carousel\" aria-label=\"Resim D\u00f6ng\u00fcs\u00fc\" dir=\"ltr\">\n\t\t\t<div class=\"elementor-image-carousel swiper-wrapper\" aria-live=\"off\">\n\t\t\t\t\t\t\t\t<div class=\"swiper-slide\" role=\"group\" aria-roledescription=\"slide\" aria-label=\"1 \/ 7\"><a data-elementor-open-lightbox=\"yes\" data-elementor-lightbox-slideshow=\"0d4a5bd\" data-elementor-lightbox-title=\"ISO-9001\" data-e-action-hash=\"#elementor-action%3Aaction%3Dlightbox%26settings%3DeyJpZCI6MzU4LCJ1cmwiOiJodHRwczpcL1wvd3d3LmFxdWF0aXYubmV0XC9lblwvd3AtY29udGVudFwvdXBsb2Fkc1wvMjAyM1wvMDVcL0lTTy05MDAxLmpwZyIsInNsaWRlc2hvdyI6IjBkNGE1YmQifQ%3D%3D\" href=\"https:\/\/www.aquativ.net\/en\/wp-content\/uploads\/2023\/05\/ISO-9001.jpg\"><figure class=\"swiper-slide-inner\"><img decoding=\"async\" class=\"swiper-slide-image\" src=\"https:\/\/www.aquativ.net\/en\/wp-content\/uploads\/2023\/05\/ISO-9001.jpg\" alt=\"ISO-9001\" \/><\/figure><\/a><\/div><div class=\"swiper-slide\" role=\"group\" aria-roledescription=\"slide\" aria-label=\"2 \/ 7\"><a data-elementor-open-lightbox=\"yes\" data-elementor-lightbox-slideshow=\"0d4a5bd\" data-elementor-lightbox-title=\"ISO-45001\" data-e-action-hash=\"#elementor-action%3Aaction%3Dlightbox%26settings%3DeyJpZCI6MzU2LCJ1cmwiOiJodHRwczpcL1wvd3d3LmFxdWF0aXYubmV0XC9lblwvd3AtY29udGVudFwvdXBsb2Fkc1wvMjAyM1wvMDVcL0lTTy00NTAwMS5qcGciLCJzbGlkZXNob3ciOiIwZDRhNWJkIn0%3D\" href=\"https:\/\/www.aquativ.net\/en\/wp-content\/uploads\/2023\/05\/ISO-45001.jpg\"><figure class=\"swiper-slide-inner\"><img decoding=\"async\" class=\"swiper-slide-image\" src=\"https:\/\/www.aquativ.net\/en\/wp-content\/uploads\/2023\/05\/ISO-45001.jpg\" alt=\"ISO-45001\" \/><\/figure><\/a><\/div><div class=\"swiper-slide\" role=\"group\" aria-roledescription=\"slide\" aria-label=\"3 \/ 7\"><a data-elementor-open-lightbox=\"yes\" data-elementor-lightbox-slideshow=\"0d4a5bd\" data-elementor-lightbox-title=\"CE-Buton\" data-e-action-hash=\"#elementor-action%3Aaction%3Dlightbox%26settings%3DeyJpZCI6MzU1LCJ1cmwiOiJodHRwczpcL1wvd3d3LmFxdWF0aXYubmV0XC9lblwvd3AtY29udGVudFwvdXBsb2Fkc1wvMjAyM1wvMDVcL0NFLUJ1dG9uLmpwZyIsInNsaWRlc2hvdyI6IjBkNGE1YmQifQ%3D%3D\" href=\"https:\/\/www.aquativ.net\/en\/wp-content\/uploads\/2023\/05\/CE-Buton.jpg\"><figure class=\"swiper-slide-inner\"><img decoding=\"async\" class=\"swiper-slide-image\" src=\"https:\/\/www.aquativ.net\/en\/wp-content\/uploads\/2023\/05\/CE-Buton.jpg\" alt=\"CE-Buton\" \/><\/figure><\/a><\/div><div class=\"swiper-slide\" role=\"group\" aria-roledescription=\"slide\" aria-label=\"4 \/ 7\"><a data-elementor-open-lightbox=\"yes\" data-elementor-lightbox-slideshow=\"0d4a5bd\" data-elementor-lightbox-title=\"CE-Lamba\" data-e-action-hash=\"#elementor-action%3Aaction%3Dlightbox%26settings%3DeyJpZCI6MzU3LCJ1cmwiOiJodHRwczpcL1wvd3d3LmFxdWF0aXYubmV0XC9lblwvd3AtY29udGVudFwvdXBsb2Fkc1wvMjAyM1wvMDVcL0NFLUxhbWJhLmpwZyIsInNsaWRlc2hvdyI6IjBkNGE1YmQifQ%3D%3D\" href=\"https:\/\/www.aquativ.net\/en\/wp-content\/uploads\/2023\/05\/CE-Lamba.jpg\"><figure class=\"swiper-slide-inner\"><img decoding=\"async\" class=\"swiper-slide-image\" src=\"https:\/\/www.aquativ.net\/en\/wp-content\/uploads\/2023\/05\/CE-Lamba.jpg\" alt=\"CE-Lamba\" \/><\/figure><\/a><\/div><div class=\"swiper-slide\" role=\"group\" aria-roledescription=\"slide\" aria-label=\"5 \/ 7\"><a data-elementor-open-lightbox=\"yes\" data-elementor-lightbox-slideshow=\"0d4a5bd\" data-elementor-lightbox-title=\"aquativ-belge_0002_Marka Tescil\" data-e-action-hash=\"#elementor-action%3Aaction%3Dlightbox%26settings%3DeyJpZCI6MTIyLCJ1cmwiOiJodHRwczpcL1wvd3d3LmFxdWF0aXYubmV0XC9lblwvd3AtY29udGVudFwvdXBsb2Fkc1wvMjAyMVwvMDlcL2FxdWF0aXYtYmVsZ2VfMDAwMl9NYXJrYS1UZXNjaWwuanBnIiwic2xpZGVzaG93IjoiMGQ0YTViZCJ9\" href=\"https:\/\/www.aquativ.net\/en\/wp-content\/uploads\/2021\/09\/aquativ-belge_0002_Marka-Tescil.jpg\"><figure class=\"swiper-slide-inner\"><img decoding=\"async\" class=\"swiper-slide-image\" src=\"https:\/\/www.aquativ.net\/en\/wp-content\/uploads\/2021\/09\/aquativ-belge_0002_Marka-Tescil.jpg\" alt=\"aquativ-belge_0002_Marka Tescil\" \/><\/figure><\/a><\/div><div class=\"swiper-slide\" role=\"group\" aria-roledescription=\"slide\" aria-label=\"6 \/ 7\"><a data-elementor-open-lightbox=\"yes\" data-elementor-lightbox-slideshow=\"0d4a5bd\" data-elementor-lightbox-title=\"aquativ-belge_0001_ROSH 2\" data-e-action-hash=\"#elementor-action%3Aaction%3Dlightbox%26settings%3DeyJpZCI6MTIxLCJ1cmwiOiJodHRwczpcL1wvd3d3LmFxdWF0aXYubmV0XC9lblwvd3AtY29udGVudFwvdXBsb2Fkc1wvMjAyMVwvMDlcL2FxdWF0aXYtYmVsZ2VfMDAwMV9ST1NILTIuanBnIiwic2xpZGVzaG93IjoiMGQ0YTViZCJ9\" href=\"https:\/\/www.aquativ.net\/en\/wp-content\/uploads\/2021\/09\/aquativ-belge_0001_ROSH-2.jpg\"><figure class=\"swiper-slide-inner\"><img decoding=\"async\" class=\"swiper-slide-image\" src=\"https:\/\/www.aquativ.net\/en\/wp-content\/uploads\/2021\/09\/aquativ-belge_0001_ROSH-2.jpg\" alt=\"aquativ-belge_0001_ROSH 2\" \/><\/figure><\/a><\/div><div class=\"swiper-slide\" role=\"group\" aria-roledescription=\"slide\" aria-label=\"7 \/ 7\"><a data-elementor-open-lightbox=\"yes\" data-elementor-lightbox-slideshow=\"0d4a5bd\" data-elementor-lightbox-title=\"aquativ-belge_0000_Sanayi Sicil Belgesi\" data-e-action-hash=\"#elementor-action%3Aaction%3Dlightbox%26settings%3DeyJpZCI6MTIwLCJ1cmwiOiJodHRwczpcL1wvd3d3LmFxdWF0aXYubmV0XC9lblwvd3AtY29udGVudFwvdXBsb2Fkc1wvMjAyMVwvMDlcL2FxdWF0aXYtYmVsZ2VfMDAwMF9TYW5heWktU2ljaWwtQmVsZ2VzaS5qcGciLCJzbGlkZXNob3ciOiIwZDRhNWJkIn0%3D\" href=\"https:\/\/www.aquativ.net\/en\/wp-content\/uploads\/2021\/09\/aquativ-belge_0000_Sanayi-Sicil-Belgesi.jpg\"><figure class=\"swiper-slide-inner\"><img decoding=\"async\" class=\"swiper-slide-image\" src=\"https:\/\/www.aquativ.net\/en\/wp-content\/uploads\/2021\/09\/aquativ-belge_0000_Sanayi-Sicil-Belgesi.jpg\" alt=\"aquativ-belge_0000_Sanayi Sicil Belgesi\" \/><\/figure><\/a><\/div>\t\t\t<\/div>\n\t\t\t\t\t\t\t\t\t\t\t\t<div class=\"elementor-swiper-button elementor-swiper-button-prev\" role=\"button\" tabindex=\"0\">\n\t\t\t\t\t\t<i aria-hidden=\"true\" class=\"eicon-chevron-left\"><\/i>\t\t\t\t\t<\/div>\n\t\t\t\t\t<div class=\"elementor-swiper-button elementor-swiper-button-next\" role=\"button\" tabindex=\"0\">\n\t\t\t\t\t\t<i aria-hidden=\"true\" class=\"eicon-chevron-right\"><\/i>\t\t\t\t\t<\/div>\n\t\t\t\t\n\t\t\t\t\t\t\t\t\t<\/div>\n\t\t\t\t\t\t<\/div>\n\t\t\t\t<\/div>\n\t\t\t\t\t<\/div>\n\t\t<\/div>\n\t\t\t\t\t<\/div>\n\t\t<\/section>\n\t\t\t\t<\/div>\n\t\t","protected":false},"excerpt":{"rendered":"<p>\u00d6nceki Sonraki<\/p>\n","protected":false},"author":1,"featured_media":0,"parent":0,"menu_order":0,"comment_status":"closed","ping_status":"closed","template":"","meta":{"_acf_changed":false,"_joinchat":[],"footnotes":""},"class_list":["post-125","page","type-page","status-publish","hentry"],"acf":[],"_links":{"self":[{"href":"https:\/\/www.aquativ.net\/en\/wp-json\/wp\/v2\/pages\/125","targetHints":{"allow":["GET"]}}],"collection":[{"href":"https:\/\/www.aquativ.net\/en\/wp-json\/wp\/v2\/pages"}],"about":[{"href":"https:\/\/www.aquativ.net\/en\/wp-json\/wp\/v2\/types\/page"}],"author":[{"embeddable":true,"href":"https:\/\/www.aquativ.net\/en\/wp-json\/wp\/v2\/users\/1"}],"replies":[{"embeddable":true,"href":"https:\/\/www.aquativ.net\/en\/wp-json\/wp\/v2\/comments?post=125"}],"version-history":[{"count":0,"href":"https:\/\/www.aquativ.net\/en\/wp-json\/wp\/v2\/pages\/125\/revisions"}],"wp:attachment":[{"href":"https:\/\/www.aquativ.net\/en\/wp-json\/wp\/v2\/media?parent=125"}],"curies":[{"name":"wp","href":"https:\/\/api.w.org\/{rel}","templated":true}]}}